{"id":75,"date":"2024-01-17T15:49:16","date_gmt":"2024-01-17T15:49:16","guid":{"rendered":"https:\/\/ratte.nettifixium.fi\/?page_id=75"},"modified":"2025-11-27T13:58:14","modified_gmt":"2025-11-27T13:58:14","slug":"yritys-ja-sertifikaatit","status":"publish","type":"page","link":"https:\/\/www.lvi-ratte.fi\/en\/yritys-ja-sertifikaatit\/","title":{"rendered":"Our company and certificates"},"content":{"rendered":"<div data-elementor-type=\"wp-page\" data-elementor-id=\"75\" class=\"elementor elementor-75\">\n\t\t\t\t<div class=\"elementor-element elementor-element-a06f236 e-flex e-con-boxed wpr-particle-no wpr-jarallax-no wpr-parallax-no wpr-sticky-section-no wpr-equal-height-no e-con e-parent\" data-id=\"a06f236\" data-element_type=\"container\" data-e-type=\"container\">\n\t\t\t\t\t<div class=\"e-con-inner\">\n\t\t<div class=\"elementor-element elementor-element-087724a e-con-full e-flex wpr-particle-no wpr-jarallax-no wpr-parallax-no wpr-sticky-section-no wpr-equal-height-no e-con e-child\" data-id=\"087724a\" data-element_type=\"container\" data-e-type=\"container\" data-settings=\"{&quot;background_background&quot;:&quot;classic&quot;}\">\n\t\t\t\t<div class=\"elementor-element elementor-element-56bf53f elementor-widget elementor-widget-heading\" data-id=\"56bf53f\" data-element_type=\"widget\" data-e-type=\"widget\" data-widget_type=\"heading.default\">\n\t\t\t\t<div class=\"elementor-widget-container\">\n\t\t\t\t\t<h2 class=\"elementor-heading-title elementor-size-default\">LVI-R\u00e4tte LTD<\/h2>\t\t\t\t<\/div>\n\t\t\t\t<\/div>\n\t\t\t\t<div class=\"elementor-element elementor-element-6e48ac6 elementor-widget__width-initial elementor-widget elementor-widget-text-editor\" data-id=\"6e48ac6\" data-element_type=\"widget\" data-e-type=\"widget\" data-widget_type=\"text-editor.default\">\n\t\t\t\t<div class=\"elementor-widget-container\">\n\t\t\t\t\t\t\t\t\t<p>LVI-Ratte Oy on vuodesta 2011 palvellut asiakkaitaan luotettavana LVI-kumppanina. Suunnittelemme ja toteutamme ilmanvaihdon, l\u00e4mmityksen ja j\u00e4\u00e4hdytyksen ratkaisuja, jotka toimivat t\u00e4n\u00e4\u00e4n ja tulevaisuudessa. Meille t\u00e4rkeint\u00e4 on asiakkaan tyytyv\u00e4isyys \u2013 siksi tarjoamme aina yksil\u00f6llisesti suunnitellut, laadukkaat ja kest\u00e4v\u00e4t LVI-ratkaisut.<\/p>\t\t\t\t\t\t\t\t<\/div>\n\t\t\t\t<\/div>\n\t\t\t\t<div class=\"elementor-element elementor-element-bb44bd0 elementor-widget elementor-widget-button\" data-id=\"bb44bd0\" data-element_type=\"widget\" data-e-type=\"widget\" data-widget_type=\"button.default\">\n\t\t\t\t<div class=\"elementor-widget-container\">\n\t\t\t\t\t\t\t\t\t<div class=\"elementor-button-wrapper\">\n\t\t\t\t\t<a class=\"elementor-button elementor-button-link elementor-size-sm\" href=\"https:\/\/www.lvi-ratte.fi\/yhteystiedot\/\">\n\t\t\t\t\t\t<span class=\"elementor-button-content-wrapper\">\n\t\t\t\t\t\t\t\t\t<span class=\"elementor-button-text\">Contact us<\/span>\n\t\t\t\t\t<\/span>\n\t\t\t\t\t<\/a>\n\t\t\t\t<\/div>\n\t\t\t\t\t\t\t\t<\/div>\n\t\t\t\t<\/div>\n\t\t\t\t<div class=\"elementor-element elementor-element-f3024dd elementor-widget elementor-widget-heading\" data-id=\"f3024dd\" data-element_type=\"widget\" data-e-type=\"widget\" data-widget_type=\"heading.default\">\n\t\t\t\t<div class=\"elementor-widget-container\">\n\t\t\t\t\t<h2 class=\"elementor-heading-title elementor-size-default\">Ylpe\u00e4sti hankitut sertifikaattimme<\/h2>\t\t\t\t<\/div>\n\t\t\t\t<\/div>\n\t\t\t\t<div class=\"elementor-element elementor-element-43e5918 elementor-widget elementor-widget-text-editor\" data-id=\"43e5918\" data-element_type=\"widget\" data-e-type=\"widget\" data-widget_type=\"text-editor.default\">\n\t\t\t\t<div class=\"elementor-widget-container\">\n\t\t\t\t\t\t\t\t\t<p><a href=\"https:\/\/www.lvi-ratte.fi\/wp-content\/uploads\/2025\/09\/Ratte-Oy-M1.pdf\" target=\"_blank\" rel=\"noopener\">M1 Ilmanvaihtotuotteiden puhtausluokitus<\/a><\/p>\t\t\t\t\t\t\t\t<\/div>\n\t\t\t\t<\/div>\n\t\t\t\t<div class=\"elementor-element elementor-element-6b5b321 elementor-widget elementor-widget-text-editor\" data-id=\"6b5b321\" data-element_type=\"widget\" data-e-type=\"widget\" data-widget_type=\"text-editor.default\">\n\t\t\t\t<div class=\"elementor-widget-container\">\n\t\t\t\t\t\t\t\t\t<p><a href=\"https:\/\/ratte.nettifixium.fi\/wp-content\/uploads\/2024\/01\/104-Ratte-Oy-14.03.2022-M1.pdf\" target=\"_blank\" rel=\"noopener\">M1 Ilmanvaihtotuotteiden puhtausluokitus<\/a><a href=\"https:\/\/ratte.nettifixium.fi\/wp-content\/uploads\/2024\/01\/104-Ratte-Oy-14.03.2022-M1.pdf\"> (2)<\/a><\/p>\t\t\t\t\t\t\t\t<\/div>\n\t\t\t\t<\/div>\n\t\t\t\t<div class=\"elementor-element elementor-element-3b8a46a elementor-widget elementor-widget-text-editor\" data-id=\"3b8a46a\" data-element_type=\"widget\" data-e-type=\"widget\" data-widget_type=\"text-editor.default\">\n\t\t\t\t<div class=\"elementor-widget-container\">\n\t\t\t\t\t\t\t\t\t<p><a href=\"https:\/\/ratte.nettifixium.fi\/wp-content\/uploads\/2024\/01\/CE-Smoke-Certificate-1-2.pdf\">PAVUS Fire Sertificate<\/a><\/p>\t\t\t\t\t\t\t\t<\/div>\n\t\t\t\t<\/div>\n\t\t\t\t<div class=\"elementor-element elementor-element-b37e6b9 elementor-widget elementor-widget-text-editor\" data-id=\"b37e6b9\" data-element_type=\"widget\" data-e-type=\"widget\" data-widget_type=\"text-editor.default\">\n\t\t\t\t<div class=\"elementor-widget-container\">\n\t\t\t\t\t\t\t\t\t<p><a href=\"https:\/\/ratte.nettifixium.fi\/wp-content\/uploads\/2024\/01\/CE-Smoke-Certificate-2-2.pdf\" target=\"_blank\" rel=\"noopener\">PAVUS Fire testing institute (2)<\/a><\/p>\t\t\t\t\t\t\t\t<\/div>\n\t\t\t\t<\/div>\n\t\t\t\t<div class=\"elementor-element elementor-element-43415c4 elementor-widget elementor-widget-text-editor\" data-id=\"43415c4\" data-element_type=\"widget\" data-e-type=\"widget\" data-widget_type=\"text-editor.default\">\n\t\t\t\t<div class=\"elementor-widget-container\">\n\t\t\t\t\t\t\t\t\t<p><a href=\"https:\/\/ratte.nettifixium.fi\/wp-content\/uploads\/2024\/01\/Classification-CE-Smoke.pdf\" target=\"_blank\" rel=\"noopener\">PAVUS Fire testing institute (3)<\/a><\/p>\t\t\t\t\t\t\t\t<\/div>\n\t\t\t\t<\/div>\n\t\t\t\t<div class=\"elementor-element elementor-element-60d9f0a elementor-widget elementor-widget-text-editor\" data-id=\"60d9f0a\" data-element_type=\"widget\" data-e-type=\"widget\" data-widget_type=\"text-editor.default\">\n\t\t\t\t<div class=\"elementor-widget-container\">\n\t\t\t\t\t\t\t\t\t<p><a href=\"https:\/\/ratte.nettifixium.fi\/wp-content\/uploads\/2024\/01\/EUFI29-23000585-C-Ratte-Hoger.pdf\" target=\"_blank\" rel=\"noopener\">Eurofins tuotesertifikaatti<\/a><\/p>\t\t\t\t\t\t\t\t<\/div>\n\t\t\t\t<\/div>\n\t\t\t\t<div class=\"elementor-element elementor-element-a93aacc elementor-widget elementor-widget-text-editor\" data-id=\"a93aacc\" data-element_type=\"widget\" data-e-type=\"widget\" data-widget_type=\"text-editor.default\">\n\t\t\t\t<div class=\"elementor-widget-container\">\n\t\t\t\t\t\t\t\t\t<p><a href=\"https:\/\/www.lvi-ratte.fi\/wp-content\/uploads\/2024\/02\/Asennus.pdf\" target=\"_blank\" rel=\"noopener\">CE asennus<\/a><\/p>\t\t\t\t\t\t\t\t<\/div>\n\t\t\t\t<\/div>\n\t\t\t\t<div class=\"elementor-element elementor-element-5e43f68 elementor-widget elementor-widget-text-editor\" data-id=\"5e43f68\" data-element_type=\"widget\" data-e-type=\"widget\" data-widget_type=\"text-editor.default\">\n\t\t\t\t<div class=\"elementor-widget-container\">\n\t\t\t\t\t\t\t\t\t<p><a href=\"https:\/\/www.lvi-ratte.fi\/wp-content\/uploads\/2024\/02\/Tyoohje.pdf\" target=\"_blank\" rel=\"noopener\">CE Smoke Certificate<\/a><\/p>\t\t\t\t\t\t\t\t<\/div>\n\t\t\t\t<\/div>\n\t\t\t\t<div class=\"elementor-element elementor-element-f53ccc8 elementor-widget elementor-widget-text-editor\" data-id=\"f53ccc8\" data-element_type=\"widget\" data-e-type=\"widget\" data-widget_type=\"text-editor.default\">\n\t\t\t\t<div class=\"elementor-widget-container\">\n\t\t\t\t\t\t\t\t\t<p><a href=\"https:\/\/www.lvi-ratte.fi\/wp-content\/uploads\/2024\/02\/Asennus-kaytto-huolto-ja-kayttoonotto-HOGER.pdf\" target=\"_blank\" rel=\"noopener\">H\u00d6GER asennus<\/a><\/p>\t\t\t\t\t\t\t\t<\/div>\n\t\t\t\t<\/div>\n\t\t\t\t<div class=\"elementor-element elementor-element-08b63a0 elementor-widget elementor-widget-text-editor\" data-id=\"08b63a0\" data-element_type=\"widget\" data-e-type=\"widget\" data-widget_type=\"text-editor.default\">\n\t\t\t\t<div class=\"elementor-widget-container\">\n\t\t\t\t\t\t\t\t\t<p><a href=\"https:\/\/www.lvi-ratte.fi\/wp-content\/uploads\/2025\/11\/EUFI29-Certificate-Ratte-Hoger.pdf\" target=\"_blank\" rel=\"noopener\">H\u00f6ger tuotesertifikaatti<\/a><\/p>\t\t\t\t\t\t\t\t<\/div>\n\t\t\t\t<\/div>\n\t\t\t\t<\/div>\n\t\t<div class=\"elementor-element elementor-element-6efef57 e-con-full e-flex wpr-particle-no wpr-jarallax-no wpr-parallax-no wpr-sticky-section-no wpr-equal-height-no e-con e-child\" data-id=\"6efef57\" data-element_type=\"container\" data-e-type=\"container\" data-settings=\"{&quot;background_background&quot;:&quot;classic&quot;}\">\n\t\t\t\t<\/div>\n\t\t\t\t\t<\/div>\n\t\t\t\t<\/div>\n\t\t<div class=\"elementor-element elementor-element-bf23667 e-flex e-con-boxed wpr-particle-no wpr-jarallax-no wpr-parallax-no wpr-sticky-section-no wpr-equal-height-no e-con e-parent\" data-id=\"bf23667\" data-element_type=\"container\" data-e-type=\"container\">\n\t\t\t\t\t<div class=\"e-con-inner\">\n\t\t<div class=\"elementor-element elementor-element-2bfb775 e-con-full e-flex wpr-particle-no wpr-jarallax-no wpr-parallax-no wpr-sticky-section-no wpr-equal-height-no e-con e-child\" data-id=\"2bfb775\" data-element_type=\"container\" data-e-type=\"container\" data-settings=\"{&quot;background_background&quot;:&quot;classic&quot;}\">\n\t\t<div class=\"elementor-element elementor-element-946b840 e-con-full e-flex wpr-particle-no wpr-jarallax-no wpr-parallax-no wpr-sticky-section-no wpr-equal-height-no e-con e-child\" data-id=\"946b840\" data-element_type=\"container\" data-e-type=\"container\">\n\t\t\t\t<div class=\"elementor-element elementor-element-a40bc63 elementor-widget elementor-widget-heading\" data-id=\"a40bc63\" data-element_type=\"widget\" data-e-type=\"widget\" data-widget_type=\"heading.default\">\n\t\t\t\t<div class=\"elementor-widget-container\">\n\t\t\t\t\t<h2 class=\"elementor-heading-title elementor-size-default\">Viimeisimm\u00e4t referenssikohteet<\/h2>\t\t\t\t<\/div>\n\t\t\t\t<\/div>\n\t\t\t\t<div class=\"elementor-element elementor-element-4a9bdcf elementor-widget__width-initial elementor-widget elementor-widget-text-editor\" data-id=\"4a9bdcf\" data-element_type=\"widget\" data-e-type=\"widget\" data-widget_type=\"text-editor.default\">\n\t\t\t\t<div class=\"elementor-widget-container\">\n\t\t\t\t\t\t\t\t\t<ul data-start=\"336\" data-end=\"410\"><li data-start=\"336\" data-end=\"370\"><p data-start=\"338\" data-end=\"370\">Onnela (Kesko varasto) 2024-2025<\/p><\/li><li data-start=\"371\" data-end=\"410\"><p data-start=\"373\" data-end=\"410\">Jorvi sairaala (2024-25)<\/p><\/li><li data-start=\"371\" data-end=\"410\">Loviisa Ydinvoimala (2025)<\/li><li data-start=\"371\" data-end=\"410\">Neste Porvoo (2022-2025)<\/li><li data-start=\"371\" data-end=\"410\">Kauppakeskus Tripla (2019 \u2013 2020)<\/li><li data-start=\"371\" data-end=\"410\">Gesterbyn Koulukeskus (2025)<\/li><li data-start=\"371\" data-end=\"410\">Tervakosken koulu (2025)<\/li><\/ul>\t\t\t\t\t\t\t\t<\/div>\n\t\t\t\t<\/div>\n\t\t\t\t<\/div>\n\t\t<div class=\"elementor-element elementor-element-f83070f e-con-full e-flex wpr-particle-no wpr-jarallax-no wpr-parallax-no wpr-sticky-section-no wpr-equal-height-no e-con e-child\" data-id=\"f83070f\" data-element_type=\"container\" data-e-type=\"container\" data-settings=\"{&quot;background_background&quot;:&quot;classic&quot;}\">\n\t\t\t\t<\/div>\n\t\t\t\t<\/div>\n\t\t\t\t\t<\/div>\n\t\t\t\t<\/div>\n\t\t\t\t<\/div>","protected":false},"excerpt":{"rendered":"<p>LVI-R\u00c4TTE OY LVI-Ratte Oy on vuodesta 2011 palvellut asiakkaitaan luotettavana LVI-kumppanina. Suunnittelemme ja toteutamme ilmanvaihdon, l\u00e4mmityksen ja j\u00e4\u00e4hdytyksen ratkaisuja, jotka toimivat t\u00e4n\u00e4\u00e4n ja tulevaisuudessa. Meille t\u00e4rkeint\u00e4 on asiakkaan tyytyv\u00e4isyys \u2013 siksi tarjoamme aina yksil\u00f6llisesti suunnitellut, laadukkaat ja kest\u00e4v\u00e4t LVI-ratkaisut. Ota yhteytt\u00e4! Ylpe\u00e4sti hankitut sertifikaattimme M1 Ilmanvaihtotuotteiden puhtausluokitus M1 Ilmanvaihtotuotteiden puhtausluokitus (2) PAVUS Fire Sertificate PAVUS Fire testing institute (2) PAVUS Fire testing institute (3) Eurofins tuotesertifikaatti CE asennus CE Smoke Certificate H\u00d6GER asennus H\u00f6ger tuotesertifikaatti Viimeisimm\u00e4t referenssikohteet Onnela (Kesko varasto) 2024-2025 Jorvi sairaala (2024-25) Loviisa Ydinvoimala (2025) Neste Porvoo (2022-2025) Kauppakeskus Tripla (2019 \u2013 2020) Gesterbyn Koulukeskus (2025) Tervakosken koulu (2025)<\/p>","protected":false},"author":1,"featured_media":0,"parent":0,"menu_order":0,"comment_status":"closed","ping_status":"closed","template":"elementor_header_footer","meta":{"_monsterinsights_skip_tracking":false,"_monsterinsights_sitenote_active":false,"_monsterinsights_sitenote_note":"","_monsterinsights_sitenote_category":0,"site-sidebar-layout":"default","site-content-layout":"","ast-site-content-layout":"default","site-content-style":"default","site-sidebar-style":"default","ast-global-header-display":"","ast-banner-title-visibility":"","ast-main-header-display":"","ast-hfb-above-header-display":"","ast-hfb-below-header-display":"","ast-hfb-mobile-header-display":"","site-post-title":"disabled","ast-breadcrumbs-content":"","ast-featured-img":"","footer-sml-layout":"","theme-transparent-header-meta":"","adv-header-id-meta":"","stick-header-meta":"","header-above-stick-meta":"","header-main-stick-meta":"","header-below-stick-meta":"","astra-migrate-meta-layouts":"default","ast-page-background-enabled":"default","ast-page-background-meta":{"desktop":{"background-color":"var(--ast-global-color-5)","background-image":"","background-repeat":"repeat","background-position":"center center","background-size":"auto","background-attachment":"scroll","background-type":"","background-media":"","overlay-type":"","overlay-color":"","overlay-opacity":"","overlay-gradient":""},"tablet":{"background-color":"","background-image":"","background-repeat":"repeat","background-position":"center center","background-size":"auto","background-attachment":"scroll","background-type":"","background-media":"","overlay-type":"","overlay-color":"","overlay-opacity":"","overlay-gradient":""},"mobile":{"background-color":"","background-image":"","background-repeat":"repeat","background-position":"center center","background-size":"auto","background-attachment":"scroll","background-type":"","background-media":"","overlay-type":"","overlay-color":"","overlay-opacity":"","overlay-gradient":""}},"ast-content-background-meta":{"desktop":{"background-color":"var(--ast-global-color-4)","background-image":"","background-repeat":"repeat","background-position":"center center","background-size":"auto","background-attachment":"scroll","background-type":"","background-media":"","overlay-type":"","overlay-color":"","overlay-opacity":"","overlay-gradient":""},"tablet":{"background-color":"var(--ast-global-color-4)","background-image":"","background-repeat":"repeat","background-position":"center center","background-size":"auto","background-attachment":"scroll","background-type":"","background-media":"","overlay-type":"","overlay-color":"","overlay-opacity":"","overlay-gradient":""},"mobile":{"background-color":"var(--ast-global-color-4)","background-image":"","background-repeat":"repeat","background-position":"center center","background-size":"auto","background-attachment":"scroll","background-type":"","background-media":"","overlay-type":"","overlay-color":"","overlay-opacity":"","overlay-gradient":""}},"footnotes":""},"class_list":["post-75","page","type-page","status-publish","hentry"],"jetpack_sharing_enabled":true,"_links":{"self":[{"href":"https:\/\/www.lvi-ratte.fi\/en\/wp-json\/wp\/v2\/pages\/75","targetHints":{"allow":["GET"]}}],"collection":[{"href":"https:\/\/www.lvi-ratte.fi\/en\/wp-json\/wp\/v2\/pages"}],"about":[{"href":"https:\/\/www.lvi-ratte.fi\/en\/wp-json\/wp\/v2\/types\/page"}],"author":[{"embeddable":true,"href":"https:\/\/www.lvi-ratte.fi\/en\/wp-json\/wp\/v2\/users\/1"}],"replies":[{"embeddable":true,"href":"https:\/\/www.lvi-ratte.fi\/en\/wp-json\/wp\/v2\/comments?post=75"}],"version-history":[{"count":62,"href":"https:\/\/www.lvi-ratte.fi\/en\/wp-json\/wp\/v2\/pages\/75\/revisions"}],"predecessor-version":[{"id":1705,"href":"https:\/\/www.lvi-ratte.fi\/en\/wp-json\/wp\/v2\/pages\/75\/revisions\/1705"}],"wp:attachment":[{"href":"https:\/\/www.lvi-ratte.fi\/en\/wp-json\/wp\/v2\/media?parent=75"}],"curies":[{"name":"wp","href":"https:\/\/api.w.org\/{rel}","templated":true}]}}