{"id":1627,"date":"2025-10-29T19:41:29","date_gmt":"2025-10-29T19:41:29","guid":{"rendered":"https:\/\/www.lvi-ratte.fi\/?post_type=product&#038;p=1627"},"modified":"2025-10-29T19:48:24","modified_gmt":"2025-10-29T19:48:24","slug":"30mm-eurolista-30mm-slip-on-flange","status":"publish","type":"product","link":"https:\/\/www.lvi-ratte.fi\/en\/product\/30mm-eurolista-30mm-slip-on-flange\/","title":{"rendered":"30mm eurolista 30mm Slip on Flange"},"content":{"rendered":"<p>30mm euro lista. Vaistettu kuumasinkatusta metallista. Asennetaan\u00a0 kanttkanavien p\u00e4ihin.<br \/>\nValmistettu suomessa.<br \/>\n-Postitus 1,5m p\u00e4tkiss\u00e4<br \/>\n-Nouto 4m p\u00e4tkiss\u00e4<\/p>","protected":false},"excerpt":{"rendered":"<p>30mm euro lista. Vaistettu kuumasinkatusta metallista. Asennetaan\u00a0 kanttkanavien p\u00e4ihin. Valmistettu suomessa. -Postitus 1,5m p\u00e4tkiss\u00e4 -Nouto 4m p\u00e4tkiss\u00e4<\/p>","protected":false},"featured_media":1628,"template":"","meta":{"_monsterinsights_skip_tracking":false,"_monsterinsights_sitenote_active":false,"_monsterinsights_sitenote_note":"","_monsterinsights_sitenote_category":0,"site-sidebar-layout":"default","site-content-layout":"","ast-site-content-layout":"default","site-content-style":"default","site-sidebar-style":"default","ast-global-header-display":"","ast-banner-title-visibility":"","ast-main-header-display":"","ast-hfb-above-header-display":"","ast-hfb-below-header-display":"","ast-hfb-mobile-header-display":"","site-post-title":"","ast-breadcrumbs-content":"","ast-featured-img":"","footer-sml-layout":"","theme-transparent-header-meta":"default","adv-header-id-meta":"","stick-header-meta":"","header-above-stick-meta":"","header-main-stick-meta":"","header-below-stick-meta":"","astra-migrate-meta-layouts":"set","ast-page-background-enabled":"default","ast-page-background-meta":{"desktop":{"background-color":"var(--ast-global-color-5)","background-image":"","background-repeat":"repeat","background-position":"center center","background-size":"auto","background-attachment":"scroll","background-type":"","background-media":"","overlay-type":"","overlay-color":"","overlay-opacity":"","overlay-gradient":""},"tablet":{"background-color":"","background-image":"","background-repeat":"repeat","background-position":"center center","background-size":"auto","background-attachment":"scroll","background-type":"","background-media":"","overlay-type":"","overlay-color":"","overlay-opacity":"","overlay-gradient":""},"mobile":{"background-color":"","background-image":"","background-repeat":"repeat","background-position":"center center","background-size":"auto","background-attachment":"scroll","background-type":"","background-media":"","overlay-type":"","overlay-color":"","overlay-opacity":"","overlay-gradient":""}},"ast-content-background-meta":{"desktop":{"background-color":"var(--ast-global-color-4)","background-image":"","background-repeat":"repeat","background-position":"center center","background-size":"auto","background-attachment":"scroll","background-type":"","background-media":"","overlay-type":"","overlay-color":"","overlay-opacity":"","overlay-gradient":""},"tablet":{"background-color":"var(--ast-global-color-4)","background-image":"","background-repeat":"repeat","background-position":"center center","background-size":"auto","background-attachment":"scroll","background-type":"","background-media":"","overlay-type":"","overlay-color":"","overlay-opacity":"","overlay-gradient":""},"mobile":{"background-color":"var(--ast-global-color-4)","background-image":"","background-repeat":"repeat","background-position":"center center","background-size":"auto","background-attachment":"scroll","background-type":"","background-media":"","overlay-type":"","overlay-color":"","overlay-opacity":"","overlay-gradient":""}}},"product_brand":[],"product_cat":[20,26],"product_tag":[],"class_list":{"0":"post-1627","1":"product","2":"type-product","3":"status-publish","4":"has-post-thumbnail","6":"product_cat-kaikkituotteet","7":"product_cat-peltisepantarvikkeet","8":"desktop-align-left","9":"tablet-align-left","10":"mobile-align-left","12":"first","13":"instock","14":"taxable","15":"shipping-taxable","16":"purchasable","17":"product-type-simple"},"jetpack_sharing_enabled":true,"_links":{"self":[{"href":"https:\/\/www.lvi-ratte.fi\/en\/wp-json\/wp\/v2\/product\/1627","targetHints":{"allow":["GET"]}}],"collection":[{"href":"https:\/\/www.lvi-ratte.fi\/en\/wp-json\/wp\/v2\/product"}],"about":[{"href":"https:\/\/www.lvi-ratte.fi\/en\/wp-json\/wp\/v2\/types\/product"}],"wp:featuredmedia":[{"embeddable":true,"href":"https:\/\/www.lvi-ratte.fi\/en\/wp-json\/wp\/v2\/media\/1628"}],"wp:attachment":[{"href":"https:\/\/www.lvi-ratte.fi\/en\/wp-json\/wp\/v2\/media?parent=1627"}],"wp:term":[{"taxonomy":"product_brand","embeddable":true,"href":"https:\/\/www.lvi-ratte.fi\/en\/wp-json\/wp\/v2\/product_brand?post=1627"},{"taxonomy":"product_cat","embeddable":true,"href":"https:\/\/www.lvi-ratte.fi\/en\/wp-json\/wp\/v2\/product_cat?post=1627"},{"taxonomy":"product_tag","embeddable":true,"href":"https:\/\/www.lvi-ratte.fi\/en\/wp-json\/wp\/v2\/product_tag?post=1627"}],"curies":[{"name":"wp","href":"https:\/\/api.w.org\/{rel}","templated":true}]}}